{"id":18,"date":"2019-06-24T13:02:15","date_gmt":"2019-06-24T11:02:15","guid":{"rendered":"http:\/\/zenis.de\/site-notice\/"},"modified":"2019-07-22T11:03:35","modified_gmt":"2019-07-22T09:03:35","slug":"legal-notice","status":"publish","type":"page","link":"https:\/\/zenis.de\/en\/legal-notice\/","title":{"rendered":"Legal Notice"},"content":{"rendered":"<p>[et_pb_section bb_built=&#8221;1&#8243; fullwidth=&#8221;on&#8221; specialty=&#8221;off&#8221; next_background_color=&#8221;#000000&#8243; inner_width_tablet=&#8221;50px&#8221; inner_max_width_tablet=&#8221;50px&#8221; _builder_version=&#8221;3.22.4&#8243; z_index_tablet=&#8221;500&#8243;][et_pb_fullwidth_image _builder_version=&#8221;3.22.4&#8243; src=&#8221;http:\/\/zenis.de\/wp-content\/uploads\/zenis-header-200.jpg&#8221; custom_margin=&#8221;0px|||&#8221; custom_padding=&#8221;0px|||&#8221; z_index_tablet=&#8221;500&#8243; \/][\/et_pb_section][et_pb_section bb_built=&#8221;1&#8243; inner_width_tablet=&#8221;50px&#8221; inner_max_width_tablet=&#8221;50px&#8221; prev_background_color=&#8221;#000000&#8243; _builder_version=&#8221;3.22.4&#8243; custom_padding=&#8221;0px|||&#8221; z_index_tablet=&#8221;500&#8243;][et_pb_row][et_pb_column type=&#8221;4_4&#8243;][et_pb_post_title _builder_version=&#8221;3.22.4&#8243; meta=&#8221;off&#8221; featured_image=&#8221;off&#8221; text_shadow_horizontal_length=&#8221;text_shadow_style,%91object Object%93&#8243; text_shadow_vertical_length=&#8221;text_shadow_style,%91object Object%93&#8243; text_shadow_blur_strength=&#8221;text_shadow_style,%91object Object%93&#8243; title_text_shadow_horizontal_length=&#8221;title_text_shadow_style,%91object Object%93&#8243; title_text_shadow_vertical_length=&#8221;title_text_shadow_style,%91object Object%93&#8243; title_text_shadow_blur_strength=&#8221;title_text_shadow_style,%91object Object%93&#8243; meta_text_shadow_horizontal_length=&#8221;meta_text_shadow_style,%91object Object%93&#8243; meta_text_shadow_vertical_length=&#8221;meta_text_shadow_style,%91object Object%93&#8243; meta_text_shadow_blur_strength=&#8221;meta_text_shadow_style,%91object Object%93&#8243; z_index_tablet=&#8221;500&#8243; \/][et_pb_text _builder_version=&#8221;3.22.4&#8243; text_text_shadow_horizontal_length=&#8221;text_text_shadow_style,%91object Object%93&#8243; text_text_shadow_vertical_length=&#8221;text_text_shadow_style,%91object Object%93&#8243; text_text_shadow_blur_strength=&#8221;text_text_shadow_style,%91object Object%93&#8243; link_text_shadow_horizontal_length=&#8221;link_text_shadow_style,%91object Object%93&#8243; link_text_shadow_vertical_length=&#8221;link_text_shadow_style,%91object Object%93&#8243; link_text_shadow_blur_strength=&#8221;link_text_shadow_style,%91object Object%93&#8243; ul_text_shadow_horizontal_length=&#8221;ul_text_shadow_style,%91object Object%93&#8243; ul_text_shadow_vertical_length=&#8221;ul_text_shadow_style,%91object Object%93&#8243; ul_text_shadow_blur_strength=&#8221;ul_text_shadow_style,%91object Object%93&#8243; ol_text_shadow_horizontal_length=&#8221;ol_text_shadow_style,%91object Object%93&#8243; ol_text_shadow_vertical_length=&#8221;ol_text_shadow_style,%91object Object%93&#8243; ol_text_shadow_blur_strength=&#8221;ol_text_shadow_style,%91object Object%93&#8243; quote_text_shadow_horizontal_length=&#8221;quote_text_shadow_style,%91object Object%93&#8243; quote_text_shadow_vertical_length=&#8221;quote_text_shadow_style,%91object Object%93&#8243; quote_text_shadow_blur_strength=&#8221;quote_text_shadow_style,%91object Object%93&#8243; header_text_shadow_horizontal_length=&#8221;header_text_shadow_style,%91object Object%93&#8243; header_text_shadow_vertical_length=&#8221;header_text_shadow_style,%91object Object%93&#8243; header_text_shadow_blur_strength=&#8221;header_text_shadow_style,%91object Object%93&#8243; header_2_text_shadow_horizontal_length=&#8221;header_2_text_shadow_style,%91object Object%93&#8243; header_2_text_shadow_vertical_length=&#8221;header_2_text_shadow_style,%91object Object%93&#8243; header_2_text_shadow_blur_strength=&#8221;header_2_text_shadow_style,%91object Object%93&#8243; header_3_text_shadow_horizontal_length=&#8221;header_3_text_shadow_style,%91object Object%93&#8243; header_3_text_shadow_vertical_length=&#8221;header_3_text_shadow_style,%91object Object%93&#8243; header_3_text_shadow_blur_strength=&#8221;header_3_text_shadow_style,%91object Object%93&#8243; header_4_text_shadow_horizontal_length=&#8221;header_4_text_shadow_style,%91object Object%93&#8243; header_4_text_shadow_vertical_length=&#8221;header_4_text_shadow_style,%91object Object%93&#8243; header_4_text_shadow_blur_strength=&#8221;header_4_text_shadow_style,%91object Object%93&#8243; header_5_text_shadow_horizontal_length=&#8221;header_5_text_shadow_style,%91object Object%93&#8243; header_5_text_shadow_vertical_length=&#8221;header_5_text_shadow_style,%91object Object%93&#8243; header_5_text_shadow_blur_strength=&#8221;header_5_text_shadow_style,%91object Object%93&#8243; header_6_text_shadow_horizontal_length=&#8221;header_6_text_shadow_style,%91object Object%93&#8243; header_6_text_shadow_vertical_length=&#8221;header_6_text_shadow_style,%91object Object%93&#8243; header_6_text_shadow_blur_strength=&#8221;header_6_text_shadow_style,%91object Object%93&#8243; z_index_tablet=&#8221;500&#8243;]<\/p>\n<h2>Information pursuant to \u00a7 5 TMG<\/h2>\n<p>Bettina Mohr-Pulverm\u00fcller<br \/>\nNiebuhrstra\u00dfe 66<br \/>\n10629 Berlin<\/p>\n<h2>Contact<\/h2>\n<p>Phone: 0176 51732754<br \/>\nE-mail: info@zenis.de<\/p>\n<h2>VAT<\/h2>\n<p>Tax number according to \u00a7 27 a of the Sales Tax Law:<br \/>\n13\/480\/02791<\/p>\n<h2>Supervisory authority<\/h2>\n<p>Landesamt f\u00fcr Gesund und Soziales Berlin<br \/>\nTurmstra\u00dfe 21<br \/>\n10559 Berlin<\/p>\n<p><a href=\"https:\/\/www.berlin.de\/lageso\" target=\"_blank\" rel=\"noopener noreferrer\">https:\/\/www.berlin.de\/lageso<\/a><\/p>\n<h2>Job title and professional regulations<\/h2>\n<p>Job title: Neuropsychologie<br \/>\nCompetent chamber: Landesamt f\u00fcr Gesund und Soziales Berlin. Turmstra\u00dfe 21, 10559 Berlin<br \/>\nAuthorisation granted by: Deutschland<br \/>\nThe following professional regulations apply: Die Erlaubnis f\u00fcr Frau Prof. Dr. Dipl.-Psych. Bettina Mohr-Pulverm\u00fcller zur berufsm\u00e4\u00dfigen Aus\u00fcbung heilkundlich-psychotherapeutischer T\u00e4tigkeit (nach \u00a71 Abs. 1 HPG, RGBI.I S.251, BGBI.III 2122-2) wurde im Januar 2015 erteilt.<br \/>\n Regulations available at: <a href=\"https:\/\/www.berlin.de\/lageso\/gesundheit\/berufe-im-gesundheitswesen\/ausbildung-im-inland\/kinder-und-jugendlichenpsychotherapeut-in\/artikel.145792.php\" target=\"_blank\" rel=\"noopener noreferrer\">https:\/\/www.berlin.de\/lageso\/gesundheit\/berufe-im-gesundheitswesen\/ausbildung-im-inland\/kinder-und-jugendlichenpsychotherapeut-in\/artikel.145792.php<\/a><\/p>\n<h2>Information regarding professional liability insurance<\/h2>\n<p><strong>Name and registered office of the insurer:<\/strong><br \/>\nDebeka GmbH<br \/>\nFerdinand-Sauerbruch-Stra\u00dfe 18 <br \/>\n56073 Koblenz<\/p>\n<h2>Responsible for the content according to \u00a7 55(2) RStV<\/h2>\n<p>Bettina Mohr-Pulverm\u00fcller<br \/>\nZENIS- Zentrum f\u00fcr Neuropsychologie und Intensive Sprachtherapie<br \/>\nNiebuhrstra\u00dfe 66<br \/>\n10629 Berlin-Charlottenburg<\/p>\n<h2>EU dispute resolution<\/h2>\n<p>The European Commission provides a platform for online dispute resolution (ODR): <a href=\"https:\/\/ec.europa.eu\/consumers\/odr\" target=\"_blank\" rel=\"noopener noreferrer\">https:\/\/ec.europa.eu\/consumers\/odr<\/a>.<br \/> Our e-mail address can be found above in the site notice.<\/p>\n<p>We are not willing or obliged to participate in dispute resolution proceedings before a consumer arbitration board.<\/p>\n<h3>Liability for Contents<\/h3>\n<p>As service providers, we are liable for own contents of these websites according to Paragraph 7, Sect. 1 German Telemedia Act (TMG). However, according to Paragraphs 8 to 10 German Telemedia Act (TMG), service providers are not obligated to permanently monitor submitted or stored information or to search for evidences that indicate illegal activities.<\/p>\n<p>Legal obligations to removing information or to blocking the use of information remain unchallenged. In this case, liability is only possible at the time of knowledge about a specific violation of law. Illegal contents will be removed immediately at the time we get knowledge of them.<\/p>\n<h3>Liability for Links<\/h3>\n<p>Our offer includes links to external third party websites. We have no influence on the contents of those websites, therefore we cannot guarantee for those contents. Providers or administrators of linked websites are always responsible for their own contents.<\/p>\n<p>The linked websites had been checked for possible violations of law at the time of the establishment of the link. Illegal contents were not detected at the time of the linking. A permanent monitoring of the contents of linked websites cannot be imposed without reasonable indications that there has been a violation of law. Illegal links will be removed immediately at the time we get knowledge of them.<\/p>\n<h3>Copyright<\/h3>\n<p>Contents and compilations published on these websites by the providers are subject to German copyright laws. Reproduction, editing, distribution as well as the use of any kind outside the scope of the copyright law require a written permission of the author or originator. Downloads and copies of these websites are permitted for private use only.<br \/> The commercial use of our contents without permission of the originator is prohibited.<\/p>\n<p>Copyright laws of third parties are respected as long as the contents on these websites do not originate from the provider. Contributions of third parties on this site are indicated as such. However, if you notice any violations of copyright law, please inform us. Such contents will be removed immediately.<\/p>\n<p>[\/et_pb_text][\/et_pb_column][\/et_pb_row][\/et_pb_section]<\/p>\n","protected":false},"excerpt":{"rendered":"<p><div class=\"et_pb_row et_pb_row_0 et_pb_row_empty\">\n\t\t\t\t\n\t\t\t\t\n\t\t\t\t\n\t\t\t\t\n\t\t\t\t\n\t\t\t<\/div> Information pursuant to \u00a7 5 TMG Bettina Mohr-Pulverm\u00fcller Niebuhrstra\u00dfe 66 10629 Berlin Contact Phone: 0176 51732754 E-mail: info@zenis.de VAT Tax number according to \u00a7 27 a of the Sales Tax Law: 13\/480\/02791 Supervisory authority Landesamt f\u00fcr Gesund und Soziales Berlin Turmstra\u00dfe 21 10559 Berlin https:\/\/www.berlin.de\/lageso Job title and professional regulations Job title: Neuropsychologie Competent [&hellip;]<\/p>\n","protected":false},"author":1,"featured_media":0,"parent":0,"menu_order":0,"comment_status":"closed","ping_status":"closed","template":"","meta":{"_et_pb_use_builder":"on","_et_pb_old_content":"","_et_gb_content_width":"","footnotes":""},"class_list":["post-18","page","type-page","status-publish","hentry"],"yoast_head":"<!-- This site is optimized with the Yoast SEO plugin v25.5 - https:\/\/yoast.com\/wordpress\/plugins\/seo\/ -->\n<title>Legal Notice - ZeNIS<\/title>\n<meta name=\"description\" content=\"Legal Notice ZeNIS Centre for Neuropsychology and Intensive Language Therapy Berlin.\" \/>\n<meta name=\"robots\" content=\"index, follow, max-snippet:-1, max-image-preview:large, max-video-preview:-1\" \/>\n<link rel=\"canonical\" href=\"https:\/\/zenis.de\/en\/legal-notice\/\" \/>\n<meta property=\"og:locale\" content=\"en_GB\" \/>\n<meta property=\"og:type\" content=\"article\" \/>\n<meta property=\"og:title\" content=\"Legal Notice - ZeNIS\" \/>\n<meta property=\"og:description\" content=\"Legal Notice ZeNIS Centre for Neuropsychology and Intensive Language Therapy Berlin.\" \/>\n<meta property=\"og:url\" content=\"https:\/\/zenis.de\/en\/legal-notice\/\" \/>\n<meta property=\"og:site_name\" content=\"ZeNIS\" \/>\n<meta property=\"article:modified_time\" content=\"2019-07-22T09:03:35+00:00\" \/>\n<meta name=\"twitter:card\" content=\"summary_large_image\" \/>\n<meta name=\"twitter:label1\" content=\"Estimated reading time\" \/>\n\t<meta name=\"twitter:data1\" content=\"6 minutes\" \/>\n<script type=\"application\/ld+json\" class=\"yoast-schema-graph\">{\"@context\":\"https:\/\/schema.org\",\"@graph\":[{\"@type\":\"WebPage\",\"@id\":\"https:\/\/zenis.de\/en\/legal-notice\/\",\"url\":\"https:\/\/zenis.de\/en\/legal-notice\/\",\"name\":\"Legal Notice - ZeNIS\",\"isPartOf\":{\"@id\":\"https:\/\/zenis.de\/en\/#website\"},\"datePublished\":\"2019-06-24T11:02:15+00:00\",\"dateModified\":\"2019-07-22T09:03:35+00:00\",\"description\":\"Legal Notice ZeNIS Centre for Neuropsychology and Intensive Language Therapy Berlin.\",\"breadcrumb\":{\"@id\":\"https:\/\/zenis.de\/en\/legal-notice\/#breadcrumb\"},\"inLanguage\":\"en-GB\",\"potentialAction\":[{\"@type\":\"ReadAction\",\"target\":[\"https:\/\/zenis.de\/en\/legal-notice\/\"]}]},{\"@type\":\"BreadcrumbList\",\"@id\":\"https:\/\/zenis.de\/en\/legal-notice\/#breadcrumb\",\"itemListElement\":[{\"@type\":\"ListItem\",\"position\":1,\"name\":\"Startseite\",\"item\":\"https:\/\/zenis.de\/en\/\"},{\"@type\":\"ListItem\",\"position\":2,\"name\":\"Legal Notice\"}]},{\"@type\":\"WebSite\",\"@id\":\"https:\/\/zenis.de\/en\/#website\",\"url\":\"https:\/\/zenis.de\/en\/\",\"name\":\"ZeNIS\",\"description\":\"Zentrums f\u00fcr Neuropsychologie und intensive Sprachtherapie in Berlin\",\"potentialAction\":[{\"@type\":\"SearchAction\",\"target\":{\"@type\":\"EntryPoint\",\"urlTemplate\":\"https:\/\/zenis.de\/en\/?s={search_term_string}\"},\"query-input\":{\"@type\":\"PropertyValueSpecification\",\"valueRequired\":true,\"valueName\":\"search_term_string\"}}],\"inLanguage\":\"en-GB\"}]}<\/script>\n<!-- \/ Yoast SEO plugin. -->","yoast_head_json":{"title":"Legal Notice - ZeNIS","description":"Legal Notice ZeNIS Centre for Neuropsychology and Intensive Language Therapy Berlin.","robots":{"index":"index","follow":"follow","max-snippet":"max-snippet:-1","max-image-preview":"max-image-preview:large","max-video-preview":"max-video-preview:-1"},"canonical":"https:\/\/zenis.de\/en\/legal-notice\/","og_locale":"en_GB","og_type":"article","og_title":"Legal Notice - ZeNIS","og_description":"Legal Notice ZeNIS Centre for Neuropsychology and Intensive Language Therapy Berlin.","og_url":"https:\/\/zenis.de\/en\/legal-notice\/","og_site_name":"ZeNIS","article_modified_time":"2019-07-22T09:03:35+00:00","twitter_card":"summary_large_image","twitter_misc":{"Estimated reading time":"6 minutes"},"schema":{"@context":"https:\/\/schema.org","@graph":[{"@type":"WebPage","@id":"https:\/\/zenis.de\/en\/legal-notice\/","url":"https:\/\/zenis.de\/en\/legal-notice\/","name":"Legal Notice - ZeNIS","isPartOf":{"@id":"https:\/\/zenis.de\/en\/#website"},"datePublished":"2019-06-24T11:02:15+00:00","dateModified":"2019-07-22T09:03:35+00:00","description":"Legal Notice ZeNIS Centre for Neuropsychology and Intensive Language Therapy Berlin.","breadcrumb":{"@id":"https:\/\/zenis.de\/en\/legal-notice\/#breadcrumb"},"inLanguage":"en-GB","potentialAction":[{"@type":"ReadAction","target":["https:\/\/zenis.de\/en\/legal-notice\/"]}]},{"@type":"BreadcrumbList","@id":"https:\/\/zenis.de\/en\/legal-notice\/#breadcrumb","itemListElement":[{"@type":"ListItem","position":1,"name":"Startseite","item":"https:\/\/zenis.de\/en\/"},{"@type":"ListItem","position":2,"name":"Legal Notice"}]},{"@type":"WebSite","@id":"https:\/\/zenis.de\/en\/#website","url":"https:\/\/zenis.de\/en\/","name":"ZeNIS","description":"Zentrums f\u00fcr Neuropsychologie und intensive Sprachtherapie in Berlin","potentialAction":[{"@type":"SearchAction","target":{"@type":"EntryPoint","urlTemplate":"https:\/\/zenis.de\/en\/?s={search_term_string}"},"query-input":{"@type":"PropertyValueSpecification","valueRequired":true,"valueName":"search_term_string"}}],"inLanguage":"en-GB"}]}},"_links":{"self":[{"href":"https:\/\/zenis.de\/en\/wp-json\/wp\/v2\/pages\/18","targetHints":{"allow":["GET"]}}],"collection":[{"href":"https:\/\/zenis.de\/en\/wp-json\/wp\/v2\/pages"}],"about":[{"href":"https:\/\/zenis.de\/en\/wp-json\/wp\/v2\/types\/page"}],"author":[{"embeddable":true,"href":"https:\/\/zenis.de\/en\/wp-json\/wp\/v2\/users\/1"}],"replies":[{"embeddable":true,"href":"https:\/\/zenis.de\/en\/wp-json\/wp\/v2\/comments?post=18"}],"version-history":[{"count":6,"href":"https:\/\/zenis.de\/en\/wp-json\/wp\/v2\/pages\/18\/revisions"}],"predecessor-version":[{"id":603,"href":"https:\/\/zenis.de\/en\/wp-json\/wp\/v2\/pages\/18\/revisions\/603"}],"wp:attachment":[{"href":"https:\/\/zenis.de\/en\/wp-json\/wp\/v2\/media?parent=18"}],"curies":[{"name":"wp","href":"https:\/\/api.w.org\/{rel}","templated":true}]}}